{"id":14648,"date":"2024-04-18T11:33:13","date_gmt":"2024-04-18T09:33:13","guid":{"rendered":"https:\/\/digitalhealthconnect.ch\/program-2022\/"},"modified":"2024-09-02T15:55:57","modified_gmt":"2024-09-02T13:55:57","slug":"program-2022","status":"publish","type":"page","link":"https:\/\/digitalhealthconnect.ch\/en\/program-2022\/","title":{"rendered":"Program 2022"},"content":{"rendered":"\t\t<div data-elementor-type=\"wp-page\" data-elementor-id=\"14648\" class=\"elementor elementor-14648 elementor-13642\" data-elementor-post-type=\"page\">\n\t\t\t\t<div class=\"elementor-element elementor-element-761170e e-flex e-con-boxed e-con e-parent\" data-id=\"761170e\" data-element_type=\"container\" data-e-type=\"container\">\n\t\t\t\t\t<div class=\"e-con-inner\">\n\t\t\t\t<div class=\"elementor-element elementor-element-1479a8d elementor-widget elementor-widget-text-editor\" data-id=\"1479a8d\" data-element_type=\"widget\" data-e-type=\"widget\" data-widget_type=\"text-editor.default\">\n\t\t\t\t<div class=\"elementor-widget-container\">\n\t\t\t\t\t\t\t\t\t<h1 style=\"text-align: center;\"><span style=\"color: #ba007d;\">PROGRAM 2022<\/span><\/h1>\n<p style=\"text-align: center;\">\n\t\t\t\t\t\t\t\t<\/div>\n\t\t\t\t<\/div>\n\t\t\t\t\t<\/div>\n\t\t\t\t<\/div>\n\t\t\t\t<section class=\"elementor-section elementor-top-section elementor-element elementor-element-7d780bba elementor-section-stretched elementor-section-boxed elementor-section-height-default elementor-section-height-default\" data-id=\"7d780bba\" data-element_type=\"section\" data-e-type=\"section\" data-settings=\"{&quot;background_background&quot;:&quot;gradient&quot;,&quot;stretch_section&quot;:&quot;section-stretched&quot;,&quot;shape_divider_top&quot;:&quot;tilt&quot;,&quot;shape_divider_bottom&quot;:&quot;tilt&quot;}\">\n\t\t\t\t\t<div class=\"elementor-shape elementor-shape-top\" aria-hidden=\"true\" data-negative=\"false\">\n\t\t\t<svg xmlns=\"http:\/\/www.w3.org\/2000\/svg\" viewBox=\"0 0 1000 100\" preserveAspectRatio=\"none\">\n\t<path class=\"elementor-shape-fill\" d=\"M0,6V0h1000v100L0,6z\"\/>\n<\/svg>\t\t<\/div>\n\t\t\t\t<div class=\"elementor-shape elementor-shape-bottom\" aria-hidden=\"true\" data-negative=\"false\">\n\t\t\t<svg xmlns=\"http:\/\/www.w3.org\/2000\/svg\" viewBox=\"0 0 1000 100\" preserveAspectRatio=\"none\">\n\t<path class=\"elementor-shape-fill\" d=\"M0,6V0h1000v100L0,6z\"\/>\n<\/svg>\t\t<\/div>\n\t\t\t\t\t<div class=\"elementor-container elementor-column-gap-default\">\n\t\t\t\t\t<div class=\"elementor-column elementor-col-100 elementor-top-column elementor-element elementor-element-34c887fd\" data-id=\"34c887fd\" data-element_type=\"column\" data-e-type=\"column\">\n\t\t\t<div class=\"elementor-widget-wrap elementor-element-populated\">\n\t\t\t\t\t\t<section class=\"elementor-section elementor-inner-section elementor-element elementor-element-2af9ad1 elementor-section-boxed elementor-section-height-default elementor-section-height-default\" data-id=\"2af9ad1\" data-element_type=\"section\" data-e-type=\"section\" data-settings=\"{&quot;background_background&quot;:&quot;classic&quot;}\">\n\t\t\t\t\t\t<div class=\"elementor-container elementor-column-gap-default\">\n\t\t\t\t\t<div class=\"elementor-column elementor-col-100 elementor-inner-column elementor-element elementor-element-6642482\" data-id=\"6642482\" data-element_type=\"column\" data-e-type=\"column\" data-settings=\"{&quot;background_background&quot;:&quot;classic&quot;}\">\n\t\t\t<div class=\"elementor-widget-wrap elementor-element-populated\">\n\t\t\t\t\t\t<div class=\"elementor-element elementor-element-c2d8bf1 elementor-widget elementor-widget-html\" data-id=\"c2d8bf1\" data-element_type=\"widget\" data-e-type=\"widget\" data-widget_type=\"html.default\">\n\t\t\t\t<div class=\"elementor-widget-container\">\n\t\t\t\t\t<section>\n    <div class=\"conteneur5\" style=\"display: flex; justify-content: space-between; gap: 40px;\">\n     <div class=\"sidebarleft\" style=\"display: flex; flex-direction: column; gap: 10px;\">\n         <div class=\"partie\" id=\"side1\">\n             <div class=\"txt\">\n                 <h2 class=\"nums1\">1<\/h2>\n                 <div class=\"txt-content\">\n                     <h3>Morning lectures<\/h3>\n                     <p>Face-to-face<\/p>\n                 <\/div>\n             <\/div>\n         <\/div>\n         <div class=\"partie\" id=\"side2\">\n             <div class=\"txt\">\n                 <h2 class=\"nums2\">2<\/h2>\n                 <div class=\"txt-content\">\n                     <h3>Afternoon lectures<\/h3>\n                     <p>Face-to-face<\/p>\n                 <\/div>\n             <\/div>\n         <\/div>\n         <div class=\"partie\" id=\"side3\">\n             <div class=\"txt\">\n                 <h2 class=\"nums3\">3<\/h2>\n                 <div class=\"txt-content\">\n                     <h3>Innovation area<\/h3>\n                     <p>Online<\/p>\n                 <\/div>\n             <\/div>\n         <\/div>\n         <div class=\"partie\" id=\"side4\">\n             <div class=\"txt\" id=\"side42\">\n                 <h2 class=\"nums4\">4<\/h2>\n                 <div class=\"txt-content\">\n                     <h3>Insights studio<\/h3>\n                     <p>Online<\/p>\n                 <\/div>\n             <\/div>\n         <\/div>\n     <\/div>\n     <div class=\"content\">\n        <div class=\"parts\" id=\"part1\">\n             <div class=\"wrapper\">\n                <div class=\"separator\">\n                 <p style=\"color: #888888;\">\n Join the most influential Swiss and international players in digital healthcare for presentations and discussions that are sure to inspire you to prepare for the future of smarter, more sustainable medicine!\n                 <\/p>\n                 <\/div>\n                 <div class=\"separator-flex\">\n                     <div class=\"time\">\n                         <img decoding=\"async\" src=\"https:\/\/digitalhealthconnect.ch\/wp-content\/uploads\/2023\/09\/output-onlinepngtools.png\" alt=\"time\" style=\"height: 30px;\">\n                         <p style=\"color: #888888;\">08:45<\/p>\n                     <\/div>\n                     <div class=\"txt\">\n                         <h3>\n Check-in and welcome with coffee &amp; croissants\n                         <\/h3>\n                         <p>At the Salle Polyvalente of the romande rehabilitation Clinic<\/p>\n                     <\/div>\n                 <\/div>\n                 <div class=\"separator-flex\">\n                     <div class=\"time\">\n                         <img decoding=\"async\" src=\"https:\/\/digitalhealthconnect.ch\/wp-content\/uploads\/2023\/09\/output-onlinepngtools.png\" alt=\"time\" style=\"height: 30px;\">\n                         <p style=\"color: #888888;\">9:15<\/p>\n                     <\/div>\n                     <div class=\"txt\">\n                         <h3>\n Introduction and welcome\n                         <\/h3>\n                         <p>Amoderated by S\u00e9bastien Mabillard, President of Swiss Digital Health and Laurent Sciboz, Director of the Institute of Business Informatics, HES-SO Valais\/Wallis<\/p>\n                     <\/div>\n                 <\/div>\n                 <div class=\"separator-flex\">\n                     <div class=\"time\">\n                         <img decoding=\"async\" src=\"https:\/\/digitalhealthconnect.ch\/wp-content\/uploads\/2023\/09\/output-onlinepngtools.png\" alt=\"time\" style=\"height: 30px;\">\n                         <p style=\"color: #888888;\">9:30<\/p>\n                     <\/div>\n                     <div class=\"txt\">\n                         <h3 style=\"color: black;\">Inspiring conference<\/h3>\n                         <h3 style=\"margin-bottom: -10px;\">\n Val\u00e9rie d'Acremont\n                         <\/h3>\n                         <h4>\n Head of digital and global health at Unisant\u00e9\n                            <\/h4>\n                         <p>\"What if the healthcare system of the future looked like this?\"<\/p>\n                     <\/div>\n                 <\/div>\n                 <div class=\"separator-flex\">\n                     <div class=\"time\">\n                         <img decoding=\"async\" src=\"https:\/\/digitalhealthconnect.ch\/wp-content\/uploads\/2023\/09\/output-onlinepngtools.png\" alt=\"time\" style=\"height: 30px;\">\n                         <p style=\"color: #888888;\">9:45<\/p>\n                     <\/div>\n                     <div class=\"txt\">\n                         <h3 style=\"color: black;\">Round table<\/h3>\n                         <h3 style=\"margin-bottom: -10px;\">\n Transition to sustainable medicine\n                         <\/h3>\n                         <h4>\n Moderated by Zeynep Ersan-Berdoz, Director of Strategy &amp; Development for the daily newspaper Le Temps and the online media Heidi.news\n                            <\/h4>\n                         <p style=\"margin-top: 20px;\">Invited Participants:<br>\n                         \n<b>Pascal Strupler<\/b>, Chairman of the Board | H\u00f4pital du Valais\n<br>\n<b>Val\u00e9rie d'Acremont<\/b>, Head of Digital and Global Health | Unisant\u00e9\n<br>\n<b>Yannis Papadaniel<\/b>, Health Manager | FRC\n<br>\n<b>Monique Lehky Hagen<\/b>, President | Soci\u00e9t\u00e9 m\u00e9dicale du Valais\n<br>\n<b>Nicolas Loeillot<\/b>, Business Models and Innovation Development | CSS Assurance\n<br>\n<\/p>\n                     <\/div>\n                 <\/div>\n                 <div class=\"separator-flex\">\n                     <div class=\"time\">\n                         <img decoding=\"async\" src=\"https:\/\/digitalhealthconnect.ch\/wp-content\/uploads\/2023\/09\/output-onlinepngtools.png\" alt=\"time\" style=\"height: 30px;\">\n                         <p style=\"color: #888888;\">10:45<\/p>\n                     <\/div>\n                     <div class=\"txt\">\n                         <h3 style=\"margin-bottom: 20px;\">\n Break and networking\n                         <\/h3>\n                     <\/div>\n                 <\/div>\n                 <div class=\"separator-flex\">\n                     <div class=\"time\">\n                         <img decoding=\"async\" src=\"https:\/\/digitalhealthconnect.ch\/wp-content\/uploads\/2023\/09\/output-onlinepngtools.png\" alt=\"time\" style=\"height: 30px;\">\n                         <p style=\"color: #888888;\">11:30<\/p>\n                     <\/div>\n                     <div class=\"txt\">\n                         <h3 style=\"color: black;\">Keynote<\/h3>\n                         <h3 style=\"margin-bottom: -10px;\">\n Sven Jungmann\n                         <\/h3>\n                         <h4>\n FoundersLane partner, doctor, entrepreneur and lecturer\n                            <\/h4>\n                         <p>\"The long-awaited rise of sustainable healthcare - a look (mainly) through the prism of technological innovation\"<\/p>\n                     <\/div>\n                 <\/div>\n                 <div class=\"separator-flex\">\n                     <div class=\"time\">\n                         <img decoding=\"async\" src=\"https:\/\/digitalhealthconnect.ch\/wp-content\/uploads\/2023\/09\/output-onlinepngtools.png\" alt=\"time\" style=\"height: 30px;\">\n                         <p style=\"color: #888888;\">11:45<\/p>\n                     <\/div>\n                     <div class=\"txt\">\n                         <h3 style=\"color: black;\">Decoding<\/h3>\n                         <h3 style=\"margin-bottom: -10px;\">\n Sarah N\u00e4ther\n                         <\/h3>\n                         <h4>\n Senior Associate, Hospital expert, PricewaterhouseCooper (PWC)\n\n                            <\/h4>\n                         <p>\"Relevance of sustainability in the healthcare sector: how to avoid different types of resource wastage? - A strategic perspective on innovation, prevention and structural change in the hospital landscape\"<\/p>\n                     <\/div>\n                 <\/div>\n                 <div class=\"separator-flex\">\n                     <div class=\"time\">\n                         <img decoding=\"async\" src=\"https:\/\/digitalhealthconnect.ch\/wp-content\/uploads\/2023\/09\/output-onlinepngtools.png\" alt=\"time\" style=\"height: 30px;\">\n                         <p style=\"color: #888888;\">12:15<\/p>\n                     <\/div>\n                     <div class=\"txt\">\n                         <h3 style=\"margin-bottom: 20px;\">\n Lunch and networking\n                         <\/h3>\n                     <\/div>\n                 <\/div>\n             <\/div>\n         <\/div>\n         <div class=\"parts\" id=\"part2\">\n             <div class=\"wrapper\">\n                <div class=\"separator\">\n                 <p style=\"color: #888888;\">\n These keynotes, led by experts in the field, provide an in-depth vision of sustainability in healthcare. Explore insightful analyses and best practices for smarter and more sustainable medicine. <br><br>Interactions are strongly encouraged.\n\n                 <\/p>\n                 <\/div>\n                 <div class=\"separator-flex\">\n                     <div class=\"time\">\n                         <img decoding=\"async\" src=\"https:\/\/digitalhealthconnect.ch\/wp-content\/uploads\/2023\/09\/output-onlinepngtools.png\" alt=\"time\" style=\"height: 30px;\">\n                         <p style=\"color: #888888;\">13:30<\/p>\n                     <\/div>\n                     <div class=\"txt\">\n                         <h3 style=\"color: black;\">Keynote<\/h3>\n                         <h3 style=\"margin-bottom: -10px;\">\n Solomzi Makohliso\n                         <\/h3>\n                         <h4>\n Deputy Director of the EssentialTech Center at EPFL\n                            <\/h4>\n                         <p>\"Innovating for universal access to healthcare in the digital age\"<\/p>\n                     <\/div>\n                 <\/div>\n                 <div class=\"separator-flex\">\n                     <div class=\"time\">\n                         <img decoding=\"async\" src=\"https:\/\/digitalhealthconnect.ch\/wp-content\/uploads\/2023\/09\/output-onlinepngtools.png\" alt=\"time\" style=\"height: 30px;\">\n                         <p style=\"color: #888888;\">14:00<\/p>\n                     <\/div>\n                     <div class=\"txt\">\n                         <h3 style=\"color: black;\">Decoding<\/h3>\n                         <h3 style=\"margin-bottom: -10px;\">\n Rafa\u00ebl Weissbrodt \n                         <\/h3>\n                         <h4>\n HES Professor &amp; Researcher at the HES-SO Sant\u00e9 Valais\n                            <\/h4>\n                         <p>\"Resilience of health institutions to climate change\"<\/p>\n                     <\/div>\n                 <\/div>\n                 <div class=\"separator-flex\">\n                     <div class=\"time\">\n                         <img decoding=\"async\" src=\"https:\/\/digitalhealthconnect.ch\/wp-content\/uploads\/2023\/09\/output-onlinepngtools.png\" alt=\"time\" style=\"height: 30px;\">\n                         <p style=\"color: #888888;\">14:15<\/p>\n                     <\/div>\n                     <div class=\"txt\">\n                         <h3 style=\"color: black;\">Innovative solutions<\/h3>\n                         <h3 style=\"margin-bottom: -10px;\">\n The best case studies\n                         <\/h3>\n                         <p>\n  <b>Remedok<\/b> | \"Platform for exchange among pharmaceutical professionals to combat waste\" | <b>Arnaud Dandieu<\/b>, Pharmacist and Founder\n  <br>\n  <b>Med4cast<\/b> | \"Reducing unnecessary operations\" | <b>Alexandre L\u00e4dermann<\/b>, Surgeon and Founder\n  <br>\n  <b>Cima<\/b> | \"Circular Medical Apparel - A concept of biodegradable clothing in hospitals\" | <b>Benjamin Bichsel<\/b>, Designer and Founder\n<\/p>\n\n                     <\/div>\n                 <\/div>\n                 <div class=\"separator-flex\">\n                     <div class=\"time\">\n                         <img decoding=\"async\" src=\"https:\/\/digitalhealthconnect.ch\/wp-content\/uploads\/2023\/09\/output-onlinepngtools.png\" alt=\"time\" style=\"height: 30px;\">\n                         <p style=\"color: #888888;\">15:30<\/p>\n                     <\/div>\n                     <div class=\"txt\">\n                         <h3 style=\"color: black;\">Keynote<\/h3>\n                         <h3 style=\"margin-bottom: -10px;\">\n Jacques Marescaux\n                         <\/h3>\n                         <h4>\n Founder of the IRCAD, WebSurg and the European Institute of Telesurgery\n                            <\/h4>\n                         <p style=\"margin-top: 20px;\">\"On the road to more accessible and intelligent surgery\"<\/p>\n                     <\/div>\n                 <\/div>\n                 <div class=\"separator-flex\">\n                     <div class=\"time\">\n                         <img decoding=\"async\" src=\"https:\/\/digitalhealthconnect.ch\/wp-content\/uploads\/2023\/09\/output-onlinepngtools.png\" alt=\"time\" style=\"height: 30px;\">\n                         <p style=\"color: #888888;\">16:00<\/p>\n                     <\/div>\n                     <div class=\"txt\">\n                         <h3 style=\"margin-bottom: -10px;\">\n Summary and aperitif\n                         <\/h3>\n                         <p>Illustrated by cartoonist Anne-Rapha\u00eblle Centonze and the day's moderator<\/p>\n                     <\/div>\n                 <\/div>\n             <\/div>\n         <\/div>\n         <div class=\"parts\" id=\"part3\">\n             <div class=\"wrapper\">\n                 <div class=\"separator-flex\" style=\"diplsay: flex; flex-direction: column;\">\n                     <div class=\"up\" style=\"display: flex;\">\n                         <div class=\"time\">\n                         <img decoding=\"async\" src=\"https:\/\/digitalhealthconnect.ch\/wp-content\/uploads\/2023\/09\/output-onlinepngtools.png\" alt=\"time\" style=\"height: 30px;\">\n                         <p style=\"color: #888888;\">Available a few days before the event<\/p>\n                        <\/div>\n                     <div class=\"title\" style=\"width: 300px; margin-left: 15%;\">\n                            <h4 style=\"margin-botto: -10px; color: #BA007D;\">\n Innovation area\n                        <\/h4>\n                    <\/div>\n                     <\/div>\n                     <div class=\"txt\">\n                         <p>Discover the solutions and concepts paving the way for smarter and more sustainable medicine. Through short 2-minute presentation videos, explore how these innovators are charting new paths of technological exploration in healthcare.<br><br>Learn more about our sponsors through video profiles.<\/p>\n                     <\/div>\n                 <\/div>\n             <\/div>\n         <\/div>\n         <div class=\"parts\" id=\"part4\">\n             <div class=\"wrapper\">\n                 <div class=\"separator-flex\" style=\"diplsay: flex; flex-direction: column;\">\n                     <div class=\"up\" style=\"display: flex;\">\n                         <div class=\"time\">\n                         <img decoding=\"async\" src=\"https:\/\/digitalhealthconnect.ch\/wp-content\/uploads\/2023\/09\/output-onlinepngtools.png\" alt=\"time\" style=\"height: 30px;\">\n                         <p style=\"color: #888888;\">Available a few days before the event<\/p>\n                        <\/div>\n                     <div class=\"title\" style=\"width: 300px; margin-left: 15%;\">\n                            <h4 style=\"margin-botto: -10px; color: #BA007D;\">\n Insights studio\n                        <\/h4>\n                    <\/div>\n                     <\/div>\n                     <div class=\"txt\">\n                         <p>Discover articles and analyses that can inform you about new trends in healthcare sustainability. Access the DHC conference library.<\/p>\n                     <\/div>\n                 <\/div>\n             <\/div>\n         <\/div>\n     <\/div>\n    <\/div>\n<\/section>\n<style>\n    .sidebarleft .partie {\n        border: 1px solid #888888;\n        width: 400px;\n    }\n    .sidebarleft .partie .txt {\n        display: flex;\n        gap: 10px;\n        align-items: center;\n        padding: 20px 0 0 10px;\n    }\n    .sidebarleft .partie .txt h2 {\n        color: white;\n        font-size: 42px;\n    }\n    .sidebarleft .partie .txt .txt-content {\n        display: flex;\n        flex-direction: column;\n    }\n    .sidebarleft .partie .txt .txt-content h3{\n        color: white;\n        font-size: 25px;\n        margin-bottom: -10px;\n    }\n    .sidebarleft .partie .txt .txt-content p {\n        color: white;\n        opacity: 0.65;\n    }\n    .content .parts {\n        background-color: white;\n    }\n    .content .parts .wrapper {\n        padding: 50px;\n    }\n    .content .parts .wrapper .separator {\n        border-bottom: 1px solid #888888;\n        margin-top: 20px;\n        text-align: right;\n    }\n    .content .parts .wrapper .separator-flex {\n        border-bottom: 1px solid #888888;\n        margin-top: 20px;\n        display: flex;\n        justify-content: space-between;\n        align-items: baseline;\n    }\n    .content .parts .wrapper .separator-flex .time {\n        display: flex;\n        gap: 10px;\n    }\n    .content .parts .wrapper .separator-flex .txt {\n        text-align: right\n    }\n    .content .parts .wrapper .separator-flex .txt h3 {\n        color: #BA007D;\n        font-size: 20px;\n        margin-bottom: 0px;\n    }\n    .content .parts .wrapper .separator-flex .txt h4 {\n        color: #BA007D;\n        font-size: 18px;\n        margin-bottom: 0px;\n    }\n    .content .parts .wrapper .separator-flex .txt p {\n        color: #888888;\n        font-size: 14px;\n    }\n    :hover#side1 , :hover#side2 , :hover#side3 {\n        border-color: white;\n        cursor: pointer;\n    }\n    :hover#side42 , :hover#side4{\n        border-color: white;\n        cursor: pointer;\n    }\n    .parts {\n        display: none;\n    }\n    .active {\n        border-color: 1px solid white; \n    }\n<\/style>\n<script>\n        showPart('part1');\n        \n        function setActiveSide(sideId) {\n            var sides = document.querySelectorAll('.partie');\n            sides.forEach(function (side) {\n                side.classList.remove('active');\n            });\n\n            document.getElementById(sideId).classList.add('active');\n        }\n        \n\n        document.getElementById('side1').addEventListener('click', function () {\n            showPart('part1');\n            setActiveSide('side1');\n            \n            \n        });\n\n        document.getElementById('side2').addEventListener('click', function () {\n            showPart('part2');\n            setActiveSide('side2');\n        });\n\n        document.getElementById('side3').addEventListener('click', function () {\n            showPart('part3');\n            setActiveSide('side3');\n        });\n\n        document.getElementById('side4').addEventListener('click', function () {\n            showPart('part4');\n            setActiveSide('side4');\n        });\n\n        function showPart(partId) {\n            var parts = document.getElementsByClassName('parts');\n            for (var i = 0; i <parts.length; i++) { parts[i].style.display = 'none'; } document.getElementById(partId).style.display = 'block'; } <\/script>\t\t\t\t<\/div>\n\t\t\t\t<\/div>\n\t\t\t\t<div class=\"elementor-element elementor-element-ea8c269 elementor-widget elementor-widget-spacer\" data-id=\"ea8c269\" data-element_type=\"widget\" data-e-type=\"widget\" data-widget_type=\"spacer.default\">\n\t\t\t\t<div class=\"elementor-widget-container\">\n\t\t\t\t\t\t\t<div class=\"elementor-spacer\">\n\t\t\t<div class=\"elementor-spacer-inner\"><\/div>\n\t\t<\/div>\n\t\t\t\t\t\t<\/div>\n\t\t\t\t<\/div>\n\t\t\t\t\t<\/div>\n\t\t<\/div>\n\t\t\t\t\t<\/div>\n\t\t<\/section>\n\t\t\t\t\t<\/div>\n\t\t<\/div>\n\t\t\t\t\t<\/div>\n\t\t<\/section>\n\t\t\t\t<\/div>\n\t\t","protected":false},"excerpt":{"rendered":"<p>PROGRAM 2022 1 Morning lectures Face-to-face 2 Afternoon lectures Face-to-face 3 Innovation area Online 4 Insights studio Online Join the most influential Swiss and international players in digital healthcare for presentations and discussions that are sure to inspire you to prepare for the future of smarter, more sustainable medicine! 08:45 Check-in and welcome with coffee [&hellip;]<\/p>\n","protected":false},"author":2,"featured_media":0,"parent":0,"menu_order":0,"comment_status":"closed","ping_status":"closed","template":"","meta":{"_monsterinsights_skip_tracking":false,"_monsterinsights_sitenote_active":false,"_monsterinsights_sitenote_note":"","_monsterinsights_sitenote_category":0,"footnotes":""},"class_list":["post-14648","page","type-page","status-publish","hentry"],"_links":{"self":[{"href":"https:\/\/digitalhealthconnect.ch\/en\/wp-json\/wp\/v2\/pages\/14648","targetHints":{"allow":["GET"]}}],"collection":[{"href":"https:\/\/digitalhealthconnect.ch\/en\/wp-json\/wp\/v2\/pages"}],"about":[{"href":"https:\/\/digitalhealthconnect.ch\/en\/wp-json\/wp\/v2\/types\/page"}],"author":[{"embeddable":true,"href":"https:\/\/digitalhealthconnect.ch\/en\/wp-json\/wp\/v2\/users\/2"}],"replies":[{"embeddable":true,"href":"https:\/\/digitalhealthconnect.ch\/en\/wp-json\/wp\/v2\/comments?post=14648"}],"version-history":[{"count":1,"href":"https:\/\/digitalhealthconnect.ch\/en\/wp-json\/wp\/v2\/pages\/14648\/revisions"}],"predecessor-version":[{"id":14649,"href":"https:\/\/digitalhealthconnect.ch\/en\/wp-json\/wp\/v2\/pages\/14648\/revisions\/14649"}],"wp:attachment":[{"href":"https:\/\/digitalhealthconnect.ch\/en\/wp-json\/wp\/v2\/media?parent=14648"}],"curies":[{"name":"wp","href":"https:\/\/api.w.org\/{rel}","templated":true}]}}