{"id":14644,"date":"2024-04-18T11:44:47","date_gmt":"2024-04-18T09:44:47","guid":{"rendered":"https:\/\/digitalhealthconnect.ch\/program-2023\/"},"modified":"2024-05-31T17:53:43","modified_gmt":"2024-05-31T15:53:43","slug":"program-2023","status":"publish","type":"page","link":"https:\/\/digitalhealthconnect.ch\/en\/program-2023\/","title":{"rendered":"Program 2023"},"content":{"rendered":"\t\t<div data-elementor-type=\"wp-page\" data-elementor-id=\"14644\" class=\"elementor elementor-14644 elementor-13651\" data-elementor-post-type=\"page\">\n\t\t\t\t<div class=\"elementor-element elementor-element-7393484 e-flex e-con-boxed e-con e-parent\" data-id=\"7393484\" data-element_type=\"container\" data-e-type=\"container\">\n\t\t\t\t\t<div class=\"e-con-inner\">\n\t\t\t\t<div class=\"elementor-element elementor-element-92f0ca3 elementor-widget elementor-widget-text-editor\" data-id=\"92f0ca3\" data-element_type=\"widget\" data-e-type=\"widget\" data-widget_type=\"text-editor.default\">\n\t\t\t\t<div class=\"elementor-widget-container\">\n\t\t\t\t\t\t\t\t\t<h1 style=\"text-align: center;\"><span style=\"color: #ba007d;\">PROGRAM 2023<\/span><\/h1>\n<p style=\"text-align: center;\">\n\t\t\t\t\t\t\t\t<\/div>\n\t\t\t\t<\/div>\n\t\t\t\t\t<\/div>\n\t\t\t\t<\/div>\n\t\t\t\t<section class=\"elementor-section elementor-top-section elementor-element elementor-element-7d780bba elementor-section-stretched elementor-section-boxed elementor-section-height-default elementor-section-height-default\" data-id=\"7d780bba\" data-element_type=\"section\" data-e-type=\"section\" data-settings=\"{&quot;background_background&quot;:&quot;gradient&quot;,&quot;stretch_section&quot;:&quot;section-stretched&quot;,&quot;shape_divider_top&quot;:&quot;tilt&quot;,&quot;shape_divider_bottom&quot;:&quot;tilt&quot;}\">\n\t\t\t\t\t<div class=\"elementor-shape elementor-shape-top\" aria-hidden=\"true\" data-negative=\"false\">\n\t\t\t<svg xmlns=\"http:\/\/www.w3.org\/2000\/svg\" viewBox=\"0 0 1000 100\" preserveAspectRatio=\"none\">\n\t<path class=\"elementor-shape-fill\" d=\"M0,6V0h1000v100L0,6z\"\/>\n<\/svg>\t\t<\/div>\n\t\t\t\t<div class=\"elementor-shape elementor-shape-bottom\" aria-hidden=\"true\" data-negative=\"false\">\n\t\t\t<svg xmlns=\"http:\/\/www.w3.org\/2000\/svg\" viewBox=\"0 0 1000 100\" preserveAspectRatio=\"none\">\n\t<path class=\"elementor-shape-fill\" d=\"M0,6V0h1000v100L0,6z\"\/>\n<\/svg>\t\t<\/div>\n\t\t\t\t\t<div class=\"elementor-container elementor-column-gap-default\">\n\t\t\t\t\t<div class=\"elementor-column elementor-col-100 elementor-top-column elementor-element elementor-element-34c887fd\" data-id=\"34c887fd\" data-element_type=\"column\" data-e-type=\"column\">\n\t\t\t<div class=\"elementor-widget-wrap elementor-element-populated\">\n\t\t\t\t\t\t<section class=\"elementor-section elementor-inner-section elementor-element elementor-element-d1eaac4 elementor-section-boxed elementor-section-height-default elementor-section-height-default\" data-id=\"d1eaac4\" data-element_type=\"section\" data-e-type=\"section\" data-settings=\"{&quot;background_background&quot;:&quot;classic&quot;}\">\n\t\t\t\t\t\t<div class=\"elementor-container elementor-column-gap-default\">\n\t\t\t\t\t<div class=\"elementor-column elementor-col-100 elementor-inner-column elementor-element elementor-element-371b5ac\" data-id=\"371b5ac\" data-element_type=\"column\" data-e-type=\"column\" data-settings=\"{&quot;background_background&quot;:&quot;classic&quot;}\">\n\t\t\t<div class=\"elementor-widget-wrap elementor-element-populated\">\n\t\t\t\t\t\t<div class=\"elementor-element elementor-element-00b6e1c home-accordeon elementor-widget elementor-widget-restly_faq\" data-id=\"00b6e1c\" data-element_type=\"widget\" data-e-type=\"widget\" data-widget_type=\"restly_faq.default\">\n\t\t\t\t<div class=\"elementor-widget-container\">\n\t\t\t\t\t        <div class=\"accordion accordion-flush faq-accordion\" id=\"accordionFlushExample1252755\">\n                        <div class=\"accordion-item\">\n                <h2 class=\"accordion-header\" id=\"faq-12527551\">\n                <button class=\"accordion-button collapsed\" type=\"button\" data-bs-toggle=\"collapse\" data-bs-target=\"#faq-item-12527551\" aria-expanded=\"false\" aria-controls=\"faq-item-12527551\">\n                   13:00 Accueil &amp; enregistrement avec un caf\u00e9 de bienvenue                <\/button>\n                <\/h2>\n                <div id=\"faq-item-12527551\" class=\"accordion-collapse collapse \" aria-labelledby=\"faq-12527551\" data-bs-parent=\"#accordionFlushExample1252755\">\n                    <div class=\"accordion-body\"><\/div>\n                <\/div>\n            <\/div>\n                        <div class=\"accordion-item\">\n                <h2 class=\"accordion-header\" id=\"faq-12527552\">\n                <button class=\"accordion-button collapse\" type=\"button\" data-bs-toggle=\"collapse\" data-bs-target=\"#faq-item-12527552\" aria-expanded=\"false\" aria-controls=\"faq-item-12527552\">\n                   13:30 Mots d&#039;introduction                <\/button>\n                <\/h2>\n                <div id=\"faq-item-12527552\" class=\"accordion-collapse collapse show\" aria-labelledby=\"faq-12527552\" data-bs-parent=\"#accordionFlushExample1252755\">\n                    <div class=\"accordion-body\"><p><span style=\"color: #000000\">Par <strong>S\u00e9bastien Mabillard,<\/strong> Mod\u00e9rateur de la conf\u00e9rence &amp; Pr\u00e9sident de Swiss Digital Health<\/span><\/p><\/div>\n                <\/div>\n            <\/div>\n                        <div class=\"accordion-item\">\n                <h2 class=\"accordion-header\" id=\"faq-12527553\">\n                <button class=\"accordion-button collapse\" type=\"button\" data-bs-toggle=\"collapse\" data-bs-target=\"#faq-item-12527553\" aria-expanded=\"false\" aria-controls=\"faq-item-12527553\">\n                   13:40 Keynote inspirante                <\/button>\n                <\/h2>\n                <div id=\"faq-item-12527553\" class=\"accordion-collapse collapse show\" aria-labelledby=\"faq-12527553\" data-bs-parent=\"#accordionFlushExample1252755\">\n                    <div class=\"accordion-body\"><h5><span style=\"color: #ba007d\">Vision introductive sur l\u2019IA g\u00e9n\u00e9rative et son impact sur la pratique clinique<\/span><\/h5><p><span style=\"color: #000000\">Pr <strong>Christian Lovis<\/strong>, M\u00e9decin-chef du Service des sciences de l\u2019information m\u00e9dicale aux HUG<\/span><\/p><\/div>\n                <\/div>\n            <\/div>\n                        <div class=\"accordion-item\">\n                <h2 class=\"accordion-header\" id=\"faq-12527554\">\n                <button class=\"accordion-button collapse\" type=\"button\" data-bs-toggle=\"collapse\" data-bs-target=\"#faq-item-12527554\" aria-expanded=\"false\" aria-controls=\"faq-item-12527554\">\n                   14:15 D\u00e9cryptage de l&#039;IA g\u00e9n\u00e9rative                <\/button>\n                <\/h2>\n                <div id=\"faq-item-12527554\" class=\"accordion-collapse collapse show\" aria-labelledby=\"faq-12527554\" data-bs-parent=\"#accordionFlushExample1252755\">\n                    <div class=\"accordion-body\"><h5><span style=\"color: #ba007d\">Dans les coulisses des LLMs: la science derri\u00e8re la magie<\/span><\/h5><p><span style=\"color: #000000\"><strong>Dr Andrei Kucharavy<\/strong>, Co-fondateur du Gen Learning Lab \u00e0 la HES-SO Valais-Wallis et chercheur externe pour le Swiss Cyber-Defence (CYD) campus<\/span><\/p><h5><span style=\"color: #ba007d\">D\u00e9cryptage des perspectives \u00e9conomiques de la GenAI<\/span><\/h5><p><span style=\"color: #000000\"><strong>Blaise Jacholkowski<\/strong>, Principal Business Consultant en sant\u00e9 digitale et sciences de la vie chez Z\u00fchlke<\/span><\/p><\/div>\n                <\/div>\n            <\/div>\n                        <div class=\"accordion-item\">\n                <h2 class=\"accordion-header\" id=\"faq-12527555\">\n                <button class=\"accordion-button collapsed\" type=\"button\" data-bs-toggle=\"collapse\" data-bs-target=\"#faq-item-12527555\" aria-expanded=\"false\" aria-controls=\"faq-item-12527555\">\n                   15:00 Pause caf\u00e9                <\/button>\n                <\/h2>\n                <div id=\"faq-item-12527555\" class=\"accordion-collapse collapse \" aria-labelledby=\"faq-12527555\" data-bs-parent=\"#accordionFlushExample1252755\">\n                    <div class=\"accordion-body\"><\/div>\n                <\/div>\n            <\/div>\n                        <div class=\"accordion-item\">\n                <h2 class=\"accordion-header\" id=\"faq-12527556\">\n                <button class=\"accordion-button collapse\" type=\"button\" data-bs-toggle=\"collapse\" data-bs-target=\"#faq-item-12527556\" aria-expanded=\"false\" aria-controls=\"faq-item-12527556\">\n                   15:30 From lab to market - Pr\u00e9sentation de trois projets appliqu\u00e9s                <\/button>\n                <\/h2>\n                <div id=\"faq-item-12527556\" class=\"accordion-collapse collapse show\" aria-labelledby=\"faq-12527556\" data-bs-parent=\"#accordionFlushExample1252755\">\n                    <div class=\"accordion-body\"><h5><span style=\"color: #ba007d\">&gt; Coaching nutritionnel avec des agents conversationnels bas\u00e9s sur des mod\u00e8les de language g\u00e9n\u00e9ratif : retours issus de la recherche appliqu\u00e9e<\/span><\/h5><p><span style=\"color: #000000\"><strong>Prof. Dr<\/strong> <strong>Dimitri Percia-David<\/strong>, Professeur de Data Science &amp; Econometrics \u00e0 la HES-SO Valais-Wallis<\/span><\/p><h5><span style=\"color: #ba007d\">&gt; L'int\u00e9r\u00eat de l'IA dans la prise en charge et le suivi post-AVC<\/span><\/h5><p><span style=\"color: #000000\"><strong>Dr Abderrahmane Hedjoudje<\/strong>, M\u00e9decin-adjoint, neuroradiologue &amp; chercheur en neurosciences \u00e0 l\u2019H\u00f4pital du Valais<\/span><\/p><h5><span style=\"color: #ba007d\">&gt; Am\u00e9liorer les interactions patient-m\u00e9decin<\/span><\/h5><p><span style=\"color: #000000\"><strong>Dr Mohamed Alibashe<\/strong>, CEO de HealthMe Technologies<\/span><\/p><\/div>\n                <\/div>\n            <\/div>\n                        <div class=\"accordion-item\">\n                <h2 class=\"accordion-header\" id=\"faq-12527557\">\n                <button class=\"accordion-button collapse\" type=\"button\" data-bs-toggle=\"collapse\" data-bs-target=\"#faq-item-12527557\" aria-expanded=\"false\" aria-controls=\"faq-item-12527557\">\n                   16:30 Table ronde &amp; \u00e9changes avec le public                <\/button>\n                <\/h2>\n                <div id=\"faq-item-12527557\" class=\"accordion-collapse collapse show\" aria-labelledby=\"faq-12527557\" data-bs-parent=\"#accordionFlushExample1252755\">\n                    <div class=\"accordion-body\"><h5><span style=\"color: #ba007d\">Apr\u00e8s le buzz, quel avenir se profile pour l\u2019IA g\u00e9n\u00e9rative dans la sant\u00e9 et avec quelles retomb\u00e9es pour les professionnels de la sant\u00e9 ?<\/span><\/h5><p><span style=\"color: #000000\">Anim\u00e9 par <strong>S\u00e9bastien Mabillard<\/strong>, Pr\u00e9sident de Swiss Digital Health.<\/span><\/p><p><span style=\"text-decoration: underline;color: #000000\">Intervenants<\/span> <span style=\"color: #000000\">:<\/span><\/p><ul><li><strong>Laura Tocmacov<\/strong>, Co-fondatrice &amp; Directrice de la Fondation impactIA<\/li><li><strong>Pr Christian Lovis<\/strong>, M\u00e9decin-Chef du service des sciences de l\u2019information m\u00e9dicale aux HUG<\/li><li><strong>Prof. Henning M\u00fcller<\/strong>, Professeur &amp; responsable de l\u2019Unit\u00e9 e-Sant\u00e9 \u00e0 la HES-SO Valais-Wallis, Professeur titulaire au d\u00e9partement de radiologie et informatique m\u00e9dicale \u00e0 l\u2019UNIGE<\/li><li><strong>Tony Germini<\/strong>, Co-fondateur &amp; CEO de Calyps<\/li><\/ul><\/div>\n                <\/div>\n            <\/div>\n                        <div class=\"accordion-item\">\n                <h2 class=\"accordion-header\" id=\"faq-12527558\">\n                <button class=\"accordion-button collapsed\" type=\"button\" data-bs-toggle=\"collapse\" data-bs-target=\"#faq-item-12527558\" aria-expanded=\"false\" aria-controls=\"faq-item-12527558\">\n                   17:15 Wrap-up &amp; cocktail networking                <\/button>\n                <\/h2>\n                <div id=\"faq-item-12527558\" class=\"accordion-collapse collapse \" aria-labelledby=\"faq-12527558\" data-bs-parent=\"#accordionFlushExample1252755\">\n                    <div class=\"accordion-body\"><\/div>\n                <\/div>\n            <\/div>\n                    <\/div>\n        \t\t\t\t<\/div>\n\t\t\t\t<\/div>\n\t\t\t\t\t<\/div>\n\t\t<\/div>\n\t\t\t\t\t<\/div>\n\t\t<\/section>\n\t\t\t\t\t<\/div>\n\t\t<\/div>\n\t\t\t\t\t<\/div>\n\t\t<\/section>\n\t\t\t\t<\/div>\n\t\t","protected":false},"excerpt":{"rendered":"<p>PROGRAM 2023 13:00 Accueil &amp; enregistrement avec un caf\u00e9 de bienvenue 13:30 Mots d&#039;introduction Par S\u00e9bastien Mabillard, Mod\u00e9rateur de la conf\u00e9rence &amp; Pr\u00e9sident de Swiss Digital Health 13:40 Keynote inspirante Vision introductive sur l\u2019IA g\u00e9n\u00e9rative et son impact sur la pratique clinique Pr Christian Lovis, M\u00e9decin-chef du Service des sciences de l\u2019information m\u00e9dicale aux HUG [&hellip;]<\/p>\n","protected":false},"author":2,"featured_media":0,"parent":0,"menu_order":0,"comment_status":"closed","ping_status":"closed","template":"","meta":{"_monsterinsights_skip_tracking":false,"_monsterinsights_sitenote_active":false,"_monsterinsights_sitenote_note":"","_monsterinsights_sitenote_category":0,"footnotes":""},"class_list":["post-14644","page","type-page","status-publish","hentry"],"_links":{"self":[{"href":"https:\/\/digitalhealthconnect.ch\/en\/wp-json\/wp\/v2\/pages\/14644","targetHints":{"allow":["GET"]}}],"collection":[{"href":"https:\/\/digitalhealthconnect.ch\/en\/wp-json\/wp\/v2\/pages"}],"about":[{"href":"https:\/\/digitalhealthconnect.ch\/en\/wp-json\/wp\/v2\/types\/page"}],"author":[{"embeddable":true,"href":"https:\/\/digitalhealthconnect.ch\/en\/wp-json\/wp\/v2\/users\/2"}],"replies":[{"embeddable":true,"href":"https:\/\/digitalhealthconnect.ch\/en\/wp-json\/wp\/v2\/comments?post=14644"}],"version-history":[{"count":1,"href":"https:\/\/digitalhealthconnect.ch\/en\/wp-json\/wp\/v2\/pages\/14644\/revisions"}],"predecessor-version":[{"id":14645,"href":"https:\/\/digitalhealthconnect.ch\/en\/wp-json\/wp\/v2\/pages\/14644\/revisions\/14645"}],"wp:attachment":[{"href":"https:\/\/digitalhealthconnect.ch\/en\/wp-json\/wp\/v2\/media?parent=14644"}],"curies":[{"name":"wp","href":"https:\/\/api.w.org\/{rel}","templated":true}]}}